{"id":3139,"date":"2022-02-15T01:55:31","date_gmt":"2022-02-15T00:55:31","guid":{"rendered":"https:\/\/psi-core.com\/?page_id=3139"},"modified":"2025-01-16T19:44:07","modified_gmt":"2025-01-16T18:44:07","slug":"kontakt","status":"publish","type":"page","link":"https:\/\/psi-core.com\/de\/kontakt\/","title":{"rendered":"Kontakt"},"content":{"rendered":"<div class=\"wpb-content-wrapper\"><p>[vc_row css=&#8220;.vc_custom_1644885921583{margin-top: 50px !important;margin-bottom: 0px !important;border-bottom-width: 0px !important;padding-bottom: 0px !important;}&#8220;][vc_column width=&#8220;1\/4&#8243;]<div id=\"ultimate-heading-381269fa9ceb86071\" class=\"uvc-heading ult-adjust-bottom-margin ultimate-heading-381269fa9ceb86071 uvc-6219  uvc-heading-default-font-sizes\" data-hspacer=\"no_spacer\"  data-halign=\"left\" style=\"text-align:left\"><div class=\"uvc-heading-spacer no_spacer\" style=\"top\"><\/div><div class=\"uvc-main-heading ult-responsive\"  data-ultimate-target='.uvc-heading.ultimate-heading-381269fa9ceb86071 h2'  data-responsive-json-new='{\"font-size\":\"\",\"line-height\":\"\"}' ><h2 style=\"--font-weight:theme;\">Kontakt<\/h2><\/div><div class=\"uvc-sub-heading ult-responsive\"  data-ultimate-target='.uvc-heading.ultimate-heading-381269fa9ceb86071 .uvc-sub-heading '  data-responsive-json-new='{\"font-size\":\"\",\"line-height\":\"\"}'  style=\"font-weight:normal;\">So erreichen Sie uns<\/div><\/div><div class=\"hr-thin style-double hr-left\" style=\"width: 70px;border-color: #c9ac1a;border-top-width: 6px;\"><\/div>[\/vc_column][vc_column width=&#8220;3\/4&#8243;][vc_column_text]<\/p>\n<div class=\"fusion-text fusion-text-8\">\n<p>Nehmen Sie Kontakt mit uns auf, indem Sie die unten angegebene E-Mail Adresse verwenden. Nach der Kontaktaufnahme per E-Mail und ggf. einem Erstgespr\u00e4ch k\u00f6nnen Sie Ihre Fragestellung 1:1 an Ihren Ansprechpartner weitergeben und den Einsatz m\u00f6glicher spezifischer Recherchewerkzeuge besprechen. Ihr Ansprechpartner wird die einzelnen Sitzungen im Team koordinieren und die Auswertung \u00fcbermitteln.<\/p>\n<\/div>\n<p>[\/vc_column_text][vc_separator css=&#8220;.vc_custom_1644885747283{padding-top: 20px !important;padding-bottom: 20px !important;}&#8220;][vc_column_text css=&#8220;&#8220;]<strong>Rechtliche Hinweise<\/strong><\/p>\n<p>Verantwortlich f\u00fcr den Inhalt dieser Website:<\/p>\n<p>Theo Fischer<\/p>\n<p>PSI Core &#8211; Precision Strategic Integration Core<br \/>\nR\u00f6ntorfer Stra\u00dfe 6<br \/>\n32602 Vlotho<\/p>\n<p>Deutschland<\/p>\n<p>mail [at] psi-core.com<\/p>\n<p>+(49) 170 20 70 378[\/vc_column_text][vc_separator css=&#8220;.vc_custom_1675205685710{margin-top: 5px !important;border-top-width: 5px !important;padding-top: 5px !important;}&#8220;][\/vc_column][\/vc_row][vc_row css=&#8220;.vc_custom_1645320858072{margin-top: 25px !important;margin-bottom: 0px !important;border-bottom-width: 0px !important;padding-bottom: 0px !important;}&#8220;][vc_column width=&#8220;1\/4&#8243;]<div id=\"ultimate-heading-566769fa9ceb860bb\" class=\"uvc-heading ult-adjust-bottom-margin ultimate-heading-566769fa9ceb860bb uvc-2612  uvc-heading-default-font-sizes\" data-hspacer=\"no_spacer\"  data-halign=\"left\" style=\"text-align:left\"><div class=\"uvc-heading-spacer no_spacer\" style=\"top\"><\/div><div class=\"uvc-main-heading ult-responsive\"  data-ultimate-target='.uvc-heading.ultimate-heading-566769fa9ceb860bb h2'  data-responsive-json-new='{\"font-size\":\"\",\"line-height\":\"\"}' ><h2 style=\"--font-weight:theme;\">Disclaimer<\/h2><\/div><div class=\"uvc-sub-heading ult-responsive\"  data-ultimate-target='.uvc-heading.ultimate-heading-566769fa9ceb860bb .uvc-sub-heading '  data-responsive-json-new='{\"font-size\":\"\",\"line-height\":\"\"}'  style=\"font-weight:normal;\">Bereitgestellte Informationen<\/div><\/div><div class=\"hr-thin style-double hr-left\" style=\"width: 70px;border-color: #c9ac1a;border-top-width: 6px;\"><\/div>[\/vc_column][vc_column width=&#8220;3\/4&#8243;][vc_column_text]<\/p>\n<div class=\"fusion-text fusion-text-8\">\n<p>Die von PSI core zur Verf\u00fcgung gestellten Informationen d\u00fcrfen nur f\u00fcr private Informationen, pers\u00f6nliche Zwecke oder laufende Untersuchungen verwendet werden. Kein Teil der Sitzungen oder Analysen darf ohne unsere Genehmigung ver\u00f6ffentlicht werden.<\/p>\n<p>Es ist nicht gestattet, die bereitgestellten Informationen f\u00fcr illegale Zwecke zu verwenden oder Menschen in Gefahr zu bringen oder ihren Ruf zu sch\u00e4digen.<\/p>\n<p>PSI Core hat sich zu einem Arbeitskodex verpflichtet, der f\u00fcr alle Remote Viewer, Analysten und sonstigen beteiligten Mitarbeiter gilt und nach dem wir ausschlie\u00dflich handeln. Den Kodex in seiner ausf\u00fchrlichen Form finden Sie auf unserer Website.<\/p>\n<h3>Besondere Regeln<\/h3>\n<p><strong>Strafsachen \/ Ermittlungen:<\/strong> PSI Core wird grunds\u00e4tzlich nur dann in Vermisstenf\u00e4llen t\u00e4tig, wenn die zust\u00e4ndigen Strafverfolgungsbeh\u00f6rden die Beteiligung des Remote Viewers genehmigen.<\/p>\n<p>Wenn der Remote Viewer eine Person skizziert, bedeutet das nicht, dass diese Person die gesuchte Zielperson ist, nach der wir suchen. Wir bezeichnen dies als eine Person von Interesse (nicht als T\u00e4ter usw.), die wir nicht kennen. Wir m\u00f6chten ausdr\u00fccklich darauf hinweisen, dass eine Zuordnung zu den untersuchten Ereignissen gr\u00fcndlich untersucht und durch Beweise belegt werden muss.<\/p>\n<p>Alle bereitgestellten Informationen werden vertraulich behandelt, bis der Fall aufgekl\u00e4rt und der Gerechtigkeit Gen\u00fcge getan ist. Dann werden wir fragen, ob wir einen Teil des Berichts (ohne Namen von Strafverfolgungsbeamten oder Ermittlern) ver\u00f6ffentlichen k\u00f6nnen, um zu zeigen, wie RV zu dem Fall beigetragen hat &#8211; sofern dies m\u00f6glich und in Bezug auf den Fall angemessen ist.<\/p>\n<p>&nbsp;<\/p>\n<p><strong>Gesundheitliche Fragen:<\/strong> Gem\u00e4\u00df geltendem deutschem Recht\u00b9 m\u00f6chte PSI Core ausdr\u00fccklich darauf hinweisen, dass ihre Arbeit in keiner Weise eine medizinische Diagnose oder Behandlung ersetzt. Sie erkl\u00e4ren sich damit einverstanden, dass Ihre pers\u00f6nlichen Daten erhoben werden. Eine Weitergabe an Dritte ist ausgeschlossen. PSI Core verpflichtet sich hiermit zur strengsten Vertraulichkeit gegen\u00fcber Dritten bez\u00fcglich aller privaten Informationen und Gesundheitsthemen.<\/p>\n<hr \/>\n<p>1 Entscheidung des Bundesverfassungsgerichts &#8211; 1 BvR 784\/03 &#8211; 2. M\u00e4rz 2004<\/p>\n<p>&nbsp;<\/p>\n<\/div>\n<p>[\/vc_column_text][\/vc_column][\/vc_row][vc_row][vc_column][\/vc_column][\/vc_row]<\/p>\n<\/div>","protected":false},"excerpt":{"rendered":"<p>[vc_row css=&#8220;.vc_custom_1644885921583{margin-top: 50px !important;margin-bottom: 0px !important;border-bottom-width: 0px !important;padding-bottom: 0px !important;}&#8220;][vc_column width=&#8220;1\/4&#8243;][\/vc_column][vc_column width=&#8220;3\/4&#8243;][vc_column_text] Nehmen Sie Kontakt mit uns auf, indem Sie die unten angegebene E-Mail Adresse verwenden. Nach der Kontaktaufnahme per E-Mail und ggf. einem Erstgespr\u00e4ch k\u00f6nnen Sie Ihre Fragestellung 1:1 an Ihren Ansprechpartner weitergeben und den Einsatz m\u00f6glicher spezifischer Recherchewerkzeuge besprechen. Ihr Ansprechpartner wird die&hellip;<\/p>\n","protected":false},"author":3,"featured_media":0,"parent":0,"menu_order":30,"comment_status":"closed","ping_status":"closed","template":"","meta":{"footnotes":""},"class_list":["post-3139","page","type-page","status-publish","hentry","description-off"],"_links":{"self":[{"href":"https:\/\/psi-core.com\/de\/wp-json\/wp\/v2\/pages\/3139","targetHints":{"allow":["GET"]}}],"collection":[{"href":"https:\/\/psi-core.com\/de\/wp-json\/wp\/v2\/pages"}],"about":[{"href":"https:\/\/psi-core.com\/de\/wp-json\/wp\/v2\/types\/page"}],"author":[{"embeddable":true,"href":"https:\/\/psi-core.com\/de\/wp-json\/wp\/v2\/users\/3"}],"replies":[{"embeddable":true,"href":"https:\/\/psi-core.com\/de\/wp-json\/wp\/v2\/comments?post=3139"}],"version-history":[{"count":9,"href":"https:\/\/psi-core.com\/de\/wp-json\/wp\/v2\/pages\/3139\/revisions"}],"predecessor-version":[{"id":4575,"href":"https:\/\/psi-core.com\/de\/wp-json\/wp\/v2\/pages\/3139\/revisions\/4575"}],"wp:attachment":[{"href":"https:\/\/psi-core.com\/de\/wp-json\/wp\/v2\/media?parent=3139"}],"curies":[{"name":"wp","href":"https:\/\/api.w.org\/{rel}","templated":true}]}}