{"id":3077,"date":"2022-02-15T00:18:54","date_gmt":"2022-02-14T23:18:54","guid":{"rendered":"https:\/\/psi-core.com\/?page_id=3077"},"modified":"2023-02-01T00:47:14","modified_gmt":"2023-01-31T23:47:14","slug":"historie","status":"publish","type":"page","link":"https:\/\/psi-core.com\/de\/historie\/","title":{"rendered":"PSI Core Historie"},"content":{"rendered":"<div class=\"wpb-content-wrapper\"><p>[vc_row css=&#8220;.vc_custom_1675208831043{margin-top: 10px !important;margin-bottom: 0px !important;border-bottom-width: 0px !important;padding-bottom: 0px !important;}&#8220;][vc_column width=&#8220;1\/4&#8243;]<div id=\"ultimate-heading-601769e64a9ea29ce\" class=\"uvc-heading ult-adjust-bottom-margin ultimate-heading-601769e64a9ea29ce uvc-8701  uvc-heading-default-font-sizes\" data-hspacer=\"no_spacer\"  data-halign=\"left\" style=\"text-align:left\"><div class=\"uvc-heading-spacer no_spacer\" style=\"top\"><\/div><div class=\"uvc-main-heading ult-responsive\"  data-ultimate-target='.uvc-heading.ultimate-heading-601769e64a9ea29ce h2'  data-responsive-json-new='{\"font-size\":\"\",\"line-height\":\"\"}' ><h2 style=\"--font-weight:theme;\">PSI Core<\/h2><\/div><div class=\"uvc-sub-heading ult-responsive\"  data-ultimate-target='.uvc-heading.ultimate-heading-601769e64a9ea29ce .uvc-sub-heading '  data-responsive-json-new='{\"font-size\":\"\",\"line-height\":\"\"}'  style=\"font-weight:normal;\">Historie<\/div><\/div><div class=\"hr-thin style-double hr-left\" style=\"width: 70px;border-color: #c9ac1a;border-top-width: 6px;\"><\/div>[\/vc_column][vc_column width=&#8220;3\/4&#8243; css=&#8220;.vc_custom_1675208771354{margin-top: 0px !important;border-top-width: 0px !important;padding-top: 0px !important;}&#8220;][vc_column_text css=&#8220;.vc_custom_1675178044229{margin-bottom: -5px !important;border-bottom-width: -5px !important;padding-bottom: -5px !important;}&#8220;]Die PSI Unit Cooperation wurde 2020 von Theo Fischer und Jana Rogge als erstes Projekt im mittlerweile gro\u00dfen Remote Viewing Netzwerk gegr\u00fcndet, um die Etablierung von Remote Viewing als Dienstleistung zu f\u00f6rdern. Um dieses Ziel zu erreichen, erwies sich eine umfassende Aufkl\u00e4rung der Rezipienten \u00fcber das Wesen und die Geschichte der Remote Viewing Methode als notwendig. Daraus entstand das Projekt des PSI-Unit-Glossars, das langfristig den Anspruch erhebt, die umfassendste Online-Datenbank zum Thema Remote Viewing im digitalen Raum zu sein. Schnell wurde das Projekt international und weitere Projekte wurden gestartet.[\/vc_column_text]<style type=\"text\/css\" data-type=\"the7_shortcodes-inline-css\">.gallery-carousel-shortcode.gallery-carousel-shortcode-id-5cd06613c7f633482dc5d78db2bd86b2 .owl-nav a {\n  width: 36px;\n  height: 36px;\n  border-radius: 500px;\n}\n.dt-arrow-border-on.gallery-carousel-shortcode.gallery-carousel-shortcode-id-5cd06613c7f633482dc5d78db2bd86b2 .owl-nav a:not(:hover):before {\n  border-width: 0px;\n}\n.dt-arrow-hover-border-on.gallery-carousel-shortcode.gallery-carousel-shortcode-id-5cd06613c7f633482dc5d78db2bd86b2 .owl-nav a:hover:after {\n  border-width: 0px;\n}\n.gallery-carousel-shortcode.gallery-carousel-shortcode-id-5cd06613c7f633482dc5d78db2bd86b2 .owl-nav a.owl-prev {\n  top: 50%;\n  transform: translateY(calc(-50% + 0px));\n  left: -43px;\n}\n@media all and (-ms-high-contrast: none) {\n  .gallery-carousel-shortcode.gallery-carousel-shortcode-id-5cd06613c7f633482dc5d78db2bd86b2 .owl-nav a.owl-prev {\n    transform: translateY(-50%);\n    margin-top: 0px;\n  }\n}\n.gallery-carousel-shortcode.gallery-carousel-shortcode-id-5cd06613c7f633482dc5d78db2bd86b2 .owl-nav a.owl-prev i {\n  padding: 0px 0px 0px 0px;\n}\n.gallery-carousel-shortcode.gallery-carousel-shortcode-id-5cd06613c7f633482dc5d78db2bd86b2 .owl-nav a.owl-next {\n  top: 50%;\n  transform: translateY(calc(-50% + 0px));\n  right: -43px;\n}\n@media all and (-ms-high-contrast: none) {\n  .gallery-carousel-shortcode.gallery-carousel-shortcode-id-5cd06613c7f633482dc5d78db2bd86b2 .owl-nav a.owl-next {\n    transform: translateY(-50%);\n    margin-top: 0px;\n  }\n}\n.gallery-carousel-shortcode.gallery-carousel-shortcode-id-5cd06613c7f633482dc5d78db2bd86b2 .owl-nav a.owl-next i {\n  padding: 0px 0px 0px 0px;\n}\n.gallery-carousel-shortcode.gallery-carousel-shortcode-id-5cd06613c7f633482dc5d78db2bd86b2 .owl-nav i {\n  font-size: 18px;\n}\n.gallery-carousel-shortcode.gallery-carousel-shortcode-id-5cd06613c7f633482dc5d78db2bd86b2 .owl-nav a:not(:hover) i,\n.gallery-carousel-shortcode.gallery-carousel-shortcode-id-5cd06613c7f633482dc5d78db2bd86b2 .owl-nav a:not(:hover) i:before {\n  color: #ffffff;\n  background: none;\n}\n.gallery-carousel-shortcode.gallery-carousel-shortcode-id-5cd06613c7f633482dc5d78db2bd86b2 .owl-nav a:hover i,\n.gallery-carousel-shortcode.gallery-carousel-shortcode-id-5cd06613c7f633482dc5d78db2bd86b2 .owl-nav a:hover i:before {\n  color: rgba(255,255,255,0.75);\n  background: none;\n}\n.gallery-carousel-shortcode.gallery-carousel-shortcode-id-5cd06613c7f633482dc5d78db2bd86b2 .owl-dots {\n  top: calc(100% + 20px);\n  left: 50%;\n  transform: translateX(calc(-50% + 0px));\n}\n@media all and (-ms-high-contrast: none) {\n  .gallery-carousel-shortcode.gallery-carousel-shortcode-id-5cd06613c7f633482dc5d78db2bd86b2 .owl-dots {\n    transform: translateX(-50%);\n    margin-left: 0px;\n  }\n}\n.gallery-carousel-shortcode.gallery-carousel-shortcode-id-5cd06613c7f633482dc5d78db2bd86b2 .owl-dot {\n  width: 10px;\n  height: 10px;\n  margin: 0 8px;\n}\n@media screen and (max-width: 778px) {\n  .gallery-carousel-shortcode.gallery-carousel-shortcode-id-5cd06613c7f633482dc5d78db2bd86b2.hide-arrows .owl-nav a {\n    display: none;\n  }\n}\n@media screen and (max-width: 778px) {\n  .gallery-carousel-shortcode.gallery-carousel-shortcode-id-5cd06613c7f633482dc5d78db2bd86b2.reposition-arrows .owl-nav .owl-prev {\n    top: 50%;\n    transform: translateY(calc(-50% + 0px));\n    left: 10px;\n  }\n  .gallery-carousel-shortcode.gallery-carousel-shortcode-id-5cd06613c7f633482dc5d78db2bd86b2.reposition-arrows .owl-nav .owl-next {\n    top: 50%;\n    transform: translateY(calc(-50% + 0px));\n    right: 10px;\n  }\n}\n@media screen and (max-width: 778px) and all and (-ms-high-contrast: none) {\n  .gallery-carousel-shortcode.gallery-carousel-shortcode-id-5cd06613c7f633482dc5d78db2bd86b2.reposition-arrows .owl-nav .owl-prev {\n    transform: translateY(-50%);\n    margin-top: 0px;\n  }\n}\n@media screen and (max-width: 778px) and all and (-ms-high-contrast: none) {\n  .gallery-carousel-shortcode.gallery-carousel-shortcode-id-5cd06613c7f633482dc5d78db2bd86b2.reposition-arrows .owl-nav .owl-next {\n    transform: translateY(-50%);\n    margin-top: 0px;\n  }\n}\n.gallery-carousel-shortcode.gallery-carousel-shortcode-id-5cd06613c7f633482dc5d78db2bd86b2 figure,\n.gallery-carousel-shortcode.gallery-carousel-shortcode-id-5cd06613c7f633482dc5d78db2bd86b2 .rollover,\n.gallery-carousel-shortcode.gallery-carousel-shortcode-id-5cd06613c7f633482dc5d78db2bd86b2 img,\n.gallery-carousel-shortcode.gallery-carousel-shortcode-id-5cd06613c7f633482dc5d78db2bd86b2 .gallery-rollover {\n  border-radius: 0px;\n}\n.gallery-carousel-shortcode.gallery-carousel-shortcode-id-5cd06613c7f633482dc5d78db2bd86b2.enable-bg-rollover .gallery-rollover {\n  background: -webkit-linear-gradient();\n  background: linear-gradient();\n}\n.gallery-carousel-shortcode.gallery-carousel-shortcode-id-5cd06613c7f633482dc5d78db2bd86b2.enable-img-shadow .owl-stage-outer {\n  padding: 24px 0;\n}\n.gallery-carousel-shortcode.gallery-carousel-shortcode-id-5cd06613c7f633482dc5d78db2bd86b2.enable-bg-rollover.hover-scale figure .rollover:after {\n  background: -webkit-linear-gradient();\n  background: linear-gradient();\n}\n.gallery-carousel-shortcode.gallery-carousel-shortcode-id-5cd06613c7f633482dc5d78db2bd86b2.gallery-shortcode .gallery-zoom-ico {\n  width: 44px;\n  height: 44px;\n  line-height: 44px;\n  border-radius: 100px;\n  margin: -22px 0 0 -22px;\n  border-width: 0px;\n}\n.dt-icon-bg-on.gallery-carousel-shortcode.gallery-carousel-shortcode-id-5cd06613c7f633482dc5d78db2bd86b2.gallery-shortcode .gallery-zoom-ico {\n  background: rgba(255,255,255,0.3);\n  box-shadow: none;\n}\n.gallery-carousel-shortcode.gallery-carousel-shortcode-id-5cd06613c7f633482dc5d78db2bd86b2.gallery-shortcode .gallery-zoom-ico:before,\n.gallery-carousel-shortcode.gallery-carousel-shortcode-id-5cd06613c7f633482dc5d78db2bd86b2.gallery-shortcode .gallery-zoom-ico span {\n  font-size: 32px;\n  line-height: 44px;\n  color: #ffffff;\n  background: none;\n}\n<\/style><div class=\"owl-carousel gallery-carousel-shortcode gallery-shortcode  dt-gallery-container dt-owl-carousel-call gallery-carousel-shortcode-id-5cd06613c7f633482dc5d78db2bd86b2 enable-bg-rollover meta-info-off dt-arrow-border-on dt-arrow-hover-border-on bullets-small-dot-stroke reposition-arrows dt-icon-bg-off arrows-bg-on disable-arrows-hover-bg arrows-hover-bg-on  vc_custom_1674464907640 hover-fade \" data-scroll-mode=\"page\" data-col-num=\"2\" data-wide-col-num=\"2\" data-laptop-col=\"2\" data-h-tablet-columns-num=\"2\" data-v-tablet-columns-num=\"2\" data-phone-columns-num=\"1\" data-col-gap=\"20\" data-stage-padding=\"0\" data-speed=\"600\" data-autoplay=\"false\" data-autoplay_speed=\"6000\" data-arrows=\"true\" data-bullet=\"false\" data-next-icon=\"icon-ar-017-r\" data-prev-icon=\"icon-ar-017-l\" data-img-shadow-size=\"12px\" data-img-shadow-spread=\"3px\"><div data-post-id=\"2186\" data-date=\"2022-02-15T01:19:24+01:00\" data-name=\"Logo-Leiste_unit\"><figure class=\"post\"><a href=\"https:\/\/psi-core.com\/wp-content\/uploads\/Logo-Leiste_unit.png\" class=\"rollover dt-pswp-item layzr-bg\" data-large_image_width=\"211\" data-large_image_height=\"130\" data-dt-img-description=\"\" title=\"Logo-Leiste_unit\"><img loading=\"lazy\" decoding=\"async\" class=\"preload-me owl-lazy-load\" src=\"data:image\/svg+xml,%3Csvg%20xmlns%3D&#39;http%3A%2F%2Fwww.w3.org%2F2000%2Fsvg&#39;%20viewBox%3D&#39;0%200%20211%20130&#39;%2F%3E\" data-src=\"https:\/\/psi-core.com\/wp-content\/uploads\/Logo-Leiste_unit.png\" data-srcset=\"https:\/\/psi-core.com\/wp-content\/uploads\/Logo-Leiste_unit.png 211w\" alt=\"\" width=\"211\" height=\"130\"  \/><span class=\"gallery-rollover\"><span class=\"gallery-zoom-ico icomoon-the7-font-the7-zoom-06\"><span><\/span><\/span><\/span><\/a><\/figure><\/div><div data-post-id=\"2187\" data-date=\"2022-02-15T01:19:25+01:00\" data-name=\"Logo-Leiste_vision\"><figure class=\"post\"><a href=\"https:\/\/psi-core.com\/wp-content\/uploads\/Logo-Leiste_vision.png\" class=\"rollover dt-pswp-item layzr-bg\" data-large_image_width=\"246\" data-large_image_height=\"130\" data-dt-img-description=\"\" title=\"Logo-Leiste_vision\"><img loading=\"lazy\" decoding=\"async\" class=\"preload-me owl-lazy-load\" src=\"data:image\/svg+xml,%3Csvg%20xmlns%3D&#39;http%3A%2F%2Fwww.w3.org%2F2000%2Fsvg&#39;%20viewBox%3D&#39;0%200%20246%20130&#39;%2F%3E\" data-src=\"https:\/\/psi-core.com\/wp-content\/uploads\/Logo-Leiste_vision.png\" data-srcset=\"https:\/\/psi-core.com\/wp-content\/uploads\/Logo-Leiste_vision.png 246w\" alt=\"\" width=\"246\" height=\"130\"  \/><span class=\"gallery-rollover\"><span class=\"gallery-zoom-ico icomoon-the7-font-the7-zoom-06\"><span><\/span><\/span><\/span><\/a><\/figure><\/div><\/div>[vc_separator css=&#8220;.vc_custom_1675178697684{margin-bottom: 20px !important;border-bottom-width: 20px !important;padding-top: 20px !important;padding-bottom: 20px !important;}&#8220;][\/vc_column][\/vc_row][vc_row css=&#8220;.vc_custom_1674465064091{margin-top: -10px !important;border-top-width: -10px !important;padding-top: -10px !important;}&#8220;][vc_column width=&#8220;1\/4&#8243;][vc_single_image image=&#8220;2178&#8243; css=&#8220;.vc_custom_1674469403048{margin-bottom: 5px !important;border-bottom-width: 5px !important;padding-bottom: 5px !important;}&#8220;]<div class=\"hr-thin style-double hr-left\" style=\"width: 70px;border-color: #c9ac1a;border-top-width: 6px;\"><\/div>[\/vc_column][vc_column width=&#8220;3\/4&#8243;][vc_column_text css=&#8220;.vc_custom_1675207262584{margin-top: -10px !important;margin-bottom: 10px !important;border-top-width: -10px !important;border-bottom-width: 10px !important;padding-top: -10px !important;padding-bottom: 10px !important;}&#8220;]<strong>PSI Core<\/strong> hat sich Mitte 2022 aus dem PSI Unit Netzwerk herausgel\u00f6st und wird von Theo Fischer, einem Gr\u00fcndungsmitglied von PSI Unit und PSI.vision, mit Unterst\u00fctzung von tatkr\u00e4ftigen Beratern alleine weitergef\u00fchrt. Theo ist ein in vier verschiedenen Methoden ausgebildeter Remote Viewer und leitet ein Team von qualifizierten Remote Viewern und Analysten.[\/vc_column_text][vc_column_text css=&#8220;.vc_custom_1675178485663{margin-bottom: 10px !important;border-bottom-width: 10px !important;padding-bottom: 10px !important;}&#8220;]<strong>Theo Fischer<\/strong> war in jungen Jahren Synchronsprecher und begann unmittelbar danach ein selbst\u00e4ndiges Berufsleben als Manager f\u00fcr mehrere Vertriebsentwicklungsunternehmen. F\u00fcr zehn Jahre, seit 2009, zog es ihn als Inhaber mehrerer Online-Unternehmen nach Asien. Nach seiner R\u00fcckkehr nach Deutschland folgte er seiner kreativen Ader und etablierte sich als K\u00fcnstler unter dem Label Stage3Art. Der Name ist auch eine Anspielung auf seine k\u00fcnstlerische Umsetzung von Remote-Viewing-Eindr\u00fccken aus Stufe 3.[\/vc_column_text][vc_single_image image=&#8220;2181&#8243; img_size=&#8220;full&#8220;][vc_column_text css=&#8220;.vc_custom_1675207281457{margin-top: 10px !important;margin-bottom: 10px !important;border-top-width: 10px !important;border-bottom-width: 10px !important;padding-top: 10px !important;padding-bottom: 10px !important;}&#8220;]<strong>Auf das Thema Remote Viewing<\/strong> stie\u00df er 2019 durch einen zuf\u00e4lligen Twitter-Post, der ihn zu Recherchen in der CIA-Bibliothek (FOIA) f\u00fchrte. Schnell war er von den Unmengen an Dateien und Daten, die er fand, gefesselt und begann, sich selbst das CRV-Protokoll beizubringen. Weitere Recherchen brachten ihn dann in Kontakt mit der deutschen Remote-Viewing-Szene, wo er auch sein Zertifikat der Stufe 6 in CRV \/ TRV erhielt. Es folgten weitere Ausbildungen und Trainings u.a. bei David Morehouse, Paul H. Smith und William G. Bill Ray, teilweise in den USA.[\/vc_column_text][vc_single_image image=&#8220;2149&#8243; img_size=&#8220;full&#8220; css=&#8220;.vc_custom_1675178616209{margin-bottom: 0px !important;border-bottom-width: 0px !important;padding-bottom: 0px !important;}&#8220;][\/vc_column][\/vc_row]<\/p>\n<\/div>","protected":false},"excerpt":{"rendered":"<p>[vc_row css=&#8220;.vc_custom_1675208831043{margin-top: 10px !important;margin-bottom: 0px !important;border-bottom-width: 0px !important;padding-bottom: 0px !important;}&#8220;][vc_column width=&#8220;1\/4&#8243;][\/vc_column][vc_column width=&#8220;3\/4&#8243; css=&#8220;.vc_custom_1675208771354{margin-top: 0px !important;border-top-width: 0px !important;padding-top: 0px !important;}&#8220;][vc_column_text css=&#8220;.vc_custom_1675178044229{margin-bottom: -5px !important;border-bottom-width: -5px !important;padding-bottom: -5px !important;}&#8220;]Die PSI Unit Cooperation wurde 2020 von Theo Fischer und Jana Rogge als erstes Projekt im mittlerweile gro\u00dfen Remote Viewing Netzwerk gegr\u00fcndet, um die Etablierung von Remote Viewing als Dienstleistung&hellip;<\/p>\n","protected":false},"author":3,"featured_media":2122,"parent":0,"menu_order":30,"comment_status":"closed","ping_status":"closed","template":"","meta":{"footnotes":""},"class_list":["post-3077","page","type-page","status-publish","has-post-thumbnail","hentry","description-off"],"_links":{"self":[{"href":"https:\/\/psi-core.com\/de\/wp-json\/wp\/v2\/pages\/3077","targetHints":{"allow":["GET"]}}],"collection":[{"href":"https:\/\/psi-core.com\/de\/wp-json\/wp\/v2\/pages"}],"about":[{"href":"https:\/\/psi-core.com\/de\/wp-json\/wp\/v2\/types\/page"}],"author":[{"embeddable":true,"href":"https:\/\/psi-core.com\/de\/wp-json\/wp\/v2\/users\/3"}],"replies":[{"embeddable":true,"href":"https:\/\/psi-core.com\/de\/wp-json\/wp\/v2\/comments?post=3077"}],"version-history":[{"count":11,"href":"https:\/\/psi-core.com\/de\/wp-json\/wp\/v2\/pages\/3077\/revisions"}],"predecessor-version":[{"id":3168,"href":"https:\/\/psi-core.com\/de\/wp-json\/wp\/v2\/pages\/3077\/revisions\/3168"}],"wp:featuredmedia":[{"embeddable":true,"href":"https:\/\/psi-core.com\/de\/wp-json\/wp\/v2\/media\/2122"}],"wp:attachment":[{"href":"https:\/\/psi-core.com\/de\/wp-json\/wp\/v2\/media?parent=3077"}],"curies":[{"name":"wp","href":"https:\/\/api.w.org\/{rel}","templated":true}]}}